{"id":679,"date":"2020-02-28T05:38:42","date_gmt":"2020-02-28T05:38:42","guid":{"rendered":"http:\/\/wildwoodcarving.de\/?page_id=679"},"modified":"2020-02-28T05:47:01","modified_gmt":"2020-02-28T05:47:01","slug":"holz","status":"publish","type":"page","link":"http:\/\/wildwoodcarving.de\/?page_id=679","title":{"rendered":"Holz"},"content":{"rendered":"<p>Hier m\u00f6chte ich kurz auf das Thema Holz und seine Eigenschaften eingehen da dies ja eigentlich ein sehr wichtiges Thema bei meinem Hobby ist.<\/p>\n<p>&nbsp;<\/p>\n<p>Ich verarbeite in der Regel fast nur Eichen und Eschen f\u00fcr meine Tierskulpturen. Nadelh\u00f6lzer nehme ich nur f\u00fcr &#8222;freie Kunst&#8220; und Stehlen &#8211; hier aber fast ausschlie\u00dflich Halbst\u00e4mme. Der Grund ist der Preis das Holzes und die Eigenschaften sowie die Lebensdauer.<\/p>\n<p>Eichen und Eschen lassen sich nach meiner Meinung am besten verarbeiten &#8211; prinzipiell geht aber fast jedes Holz. Gelegentlich nehme ich auch Obsth\u00f6lzer oder Walnuss wenn dieses in entsprechender Qualit\u00e4t und St\u00e4rke zur Verf\u00fcgung steht.<\/p>\n<p>Da Nadelh\u00f6lzer zu mehr oder weniger starkem Rei\u00dfen neigen halbiere ich normalerweise die St\u00e4mme, dadurch kann man die Rissbildung etwas minimieren.<\/p>\n<hr \/>\n<h6>Holz und Gew\u00e4hrleistung &#8230;.<\/h6>\n<p>Das ist ein leidiges aber wichtiges Thema.<\/p>\n<p>Holz ist ein lebender Werkstoff &#8211; Holz wird immer arbeiten oder sich verf\u00e4rben. Aufgrund der Eigenschaften von Holz kann ich <em><strong>keine Garantie<\/strong><\/em> bez\u00fcgl. Rissbildung, Verf\u00e4rbung oder auch Sch\u00e4dlingsbefall \u00fcbernehmen. Hier spielen auch die Aufstellung und die regelm\u00e4\u00dfige Pflege des Holzes eine entscheidende Rolle. Der Standort sollte gesch\u00fctzt sein (keine pralle Sonne oder Dauern\u00e4sse) und das Holz sollte einmal j\u00e4hrlich mit Holzschutz behandelt werden.<\/p>\n<p>Alle Figuren werden nach bestem Wissen und Gewissen ges\u00e4gt und momentan mit einem gewissen Grundschutz (Verf\u00e4rbung, Bl\u00e4ue und Fungizid) behandelt bzw. hergestellt. Der Trend geht aber immer weiter nach unbehandeltem Holz &#8211; in diesem Fall muss dem K\u00e4ufer bewusst sein da\u00df dies einen entscheidenden Einfluss auf die Lebensdauer der Figur hat.<\/p>\n","protected":false},"excerpt":{"rendered":"<p>Hier m\u00f6chte ich kurz auf das Thema Holz und seine Eigenschaften eingehen da dies ja eigentlich ein sehr wichtiges Thema bei meinem Hobby ist. &nbsp; Ich verarbeite in der Regel fast nur Eichen und Eschen f\u00fcr meine Tierskulpturen. Nadelh\u00f6lzer nehme ich nur f\u00fcr &#8222;freie Kunst&#8220; und Stehlen &#8211; hier aber fast ausschlie\u00dflich Halbst\u00e4mme. Der Grund [&hellip;]<\/p>\n","protected":false},"author":1,"featured_media":0,"parent":0,"menu_order":0,"comment_status":"closed","ping_status":"closed","template":"","meta":[],"_links":{"self":[{"href":"http:\/\/wildwoodcarving.de\/index.php?rest_route=\/wp\/v2\/pages\/679"}],"collection":[{"href":"http:\/\/wildwoodcarving.de\/index.php?rest_route=\/wp\/v2\/pages"}],"about":[{"href":"http:\/\/wildwoodcarving.de\/index.php?rest_route=\/wp\/v2\/types\/page"}],"author":[{"embeddable":true,"href":"http:\/\/wildwoodcarving.de\/index.php?rest_route=\/wp\/v2\/users\/1"}],"replies":[{"embeddable":true,"href":"http:\/\/wildwoodcarving.de\/index.php?rest_route=%2Fwp%2Fv2%2Fcomments&post=679"}],"version-history":[{"count":4,"href":"http:\/\/wildwoodcarving.de\/index.php?rest_route=\/wp\/v2\/pages\/679\/revisions"}],"predecessor-version":[{"id":685,"href":"http:\/\/wildwoodcarving.de\/index.php?rest_route=\/wp\/v2\/pages\/679\/revisions\/685"}],"wp:attachment":[{"href":"http:\/\/wildwoodcarving.de\/index.php?rest_route=%2Fwp%2Fv2%2Fmedia&parent=679"}],"curies":[{"name":"wp","href":"https:\/\/api.w.org\/{rel}","templated":true}]}}